{"id":79,"date":"2024-08-16T12:49:38","date_gmt":"2024-08-16T10:49:38","guid":{"rendered":"https:\/\/villaloha.com\/?page_id=79"},"modified":"2026-03-04T14:54:44","modified_gmt":"2026-03-04T13:54:44","slug":"location-d-appartements","status":"publish","type":"page","link":"https:\/\/villaloha.com\/index.php\/location-d-appartements\/","title":{"rendered":"Appartements \/ Apartments"},"content":{"rendered":"\n<p>Nous vous proposons des location saisonni\u00e8res \u00e0 la semaine dans des appartements avec acc\u00e8s direct \u00e0 la plage, tout confort vue sur la mer pouvant accueillir 2 \u00e0 5 personnes.<\/p>\n\n\n\n<p>We offer seasonal rentals for a week in comfortable apartments with direct access to the beach and overlooking the sea for 2 to 5 people.<\/p>\n\n\n\n<p><a href=\"https:\/\/villaloha.com\/index.php\/appartement-1-chambre-apartment-1-room\/\" data-type=\"page\" data-id=\"141\">Appartement 2 chambres \/ Apartment 2 room<\/a>s<\/p>\n\n\n\n<p><a href=\"https:\/\/villaloha.com\/index.php\/appartement-avec-terrasse\/\" data-type=\"page\" data-id=\"146\">Appartement avec terrasse \/ Apartment with terrace<\/a><\/p>\n\n\n\n<p><a href=\"https:\/\/villaloha.com\/index.php\/appartement-avec-balcon-apartment-with-balcony\/\" data-type=\"page\" data-id=\"153\">Appartement avec balcon \/ apartment with balcony<\/a><\/p>\n","protected":false},"excerpt":{"rendered":"<p>Nous vous proposons des location saisonni\u00e8res \u00e0 la semaine dans des appartements avec acc\u00e8s direct \u00e0 la plage, tout confort vue sur la mer pouvant accueillir 2 \u00e0 5 personnes. We offer seasonal rentals for a week in comfortable apartments with direct access to the beach and overlooking the sea for 2 to 5 people. &hellip; <\/p>\n<p class=\"link-more\"><a href=\"https:\/\/villaloha.com\/index.php\/location-d-appartements\/\" class=\"more-link\">Continue reading<span class=\"screen-reader-text\"> &#8220;Appartements \/ Apartments&#8221;<\/span><\/a><\/p>\n","protected":false},"author":1,"featured_media":50,"parent":0,"menu_order":0,"comment_status":"closed","ping_status":"closed","template":"","meta":{"footnotes":""},"class_list":["post-79","page","type-page","status-publish","has-post-thumbnail","hentry"],"_links":{"self":[{"href":"https:\/\/villaloha.com\/index.php\/wp-json\/wp\/v2\/pages\/79","targetHints":{"allow":["GET"]}}],"collection":[{"href":"https:\/\/villaloha.com\/index.php\/wp-json\/wp\/v2\/pages"}],"about":[{"href":"https:\/\/villaloha.com\/index.php\/wp-json\/wp\/v2\/types\/page"}],"author":[{"embeddable":true,"href":"https:\/\/villaloha.com\/index.php\/wp-json\/wp\/v2\/users\/1"}],"replies":[{"embeddable":true,"href":"https:\/\/villaloha.com\/index.php\/wp-json\/wp\/v2\/comments?post=79"}],"version-history":[{"count":11,"href":"https:\/\/villaloha.com\/index.php\/wp-json\/wp\/v2\/pages\/79\/revisions"}],"predecessor-version":[{"id":409,"href":"https:\/\/villaloha.com\/index.php\/wp-json\/wp\/v2\/pages\/79\/revisions\/409"}],"wp:featuredmedia":[{"embeddable":true,"href":"https:\/\/villaloha.com\/index.php\/wp-json\/wp\/v2\/media\/50"}],"wp:attachment":[{"href":"https:\/\/villaloha.com\/index.php\/wp-json\/wp\/v2\/media?parent=79"}],"curies":[{"name":"wp","href":"https:\/\/api.w.org\/{rel}","templated":true}]}}