{"id":17,"date":"2024-08-12T12:31:38","date_gmt":"2024-08-12T10:31:38","guid":{"rendered":"http:\/\/villaloha.com\/?page_id=17"},"modified":"2024-09-02T18:12:31","modified_gmt":"2024-09-02T16:12:31","slug":"blog","status":"publish","type":"page","link":"https:\/\/villaloha.com\/index.php\/blog\/","title":{"rendered":"Villas \/ Houses"},"content":{"rendered":"\n<p>Nous vous proposons des locations saisonni\u00e8res \u00e0 la semaine dans 2 villas tout confort pouvant accueillir 4 \u00e0 6 personnes.<\/p>\n\n\n\n<p>We offer seasonal rentals for a week in 2 comfortable villas for 4 to 6 people.<\/p>\n\n\n\n<p><a href=\"https:\/\/villaloha.com\/index.php\/villa-aloha\/\" data-type=\"page\" data-id=\"129\">Villa ALOHA<\/a> <\/p>\n\n\n\n<p><a href=\"https:\/\/villaloha.com\/index.php\/villa-eva\/\" data-type=\"page\" data-id=\"133\">Villa EVA<\/a><\/p>\n","protected":false},"excerpt":{"rendered":"<p>Nous vous proposons des locations saisonni\u00e8res \u00e0 la semaine dans 2 villas tout confort pouvant accueillir 4 \u00e0 6 personnes. We offer seasonal rentals for a week in 2 comfortable villas for 4 to 6 people. Villa ALOHA Villa EVA<\/p>\n","protected":false},"author":1,"featured_media":270,"parent":0,"menu_order":0,"comment_status":"closed","ping_status":"closed","template":"","meta":{"footnotes":""},"class_list":["post-17","page","type-page","status-publish","has-post-thumbnail","hentry"],"_links":{"self":[{"href":"https:\/\/villaloha.com\/index.php\/wp-json\/wp\/v2\/pages\/17","targetHints":{"allow":["GET"]}}],"collection":[{"href":"https:\/\/villaloha.com\/index.php\/wp-json\/wp\/v2\/pages"}],"about":[{"href":"https:\/\/villaloha.com\/index.php\/wp-json\/wp\/v2\/types\/page"}],"author":[{"embeddable":true,"href":"https:\/\/villaloha.com\/index.php\/wp-json\/wp\/v2\/users\/1"}],"replies":[{"embeddable":true,"href":"https:\/\/villaloha.com\/index.php\/wp-json\/wp\/v2\/comments?post=17"}],"version-history":[{"count":11,"href":"https:\/\/villaloha.com\/index.php\/wp-json\/wp\/v2\/pages\/17\/revisions"}],"predecessor-version":[{"id":315,"href":"https:\/\/villaloha.com\/index.php\/wp-json\/wp\/v2\/pages\/17\/revisions\/315"}],"wp:featuredmedia":[{"embeddable":true,"href":"https:\/\/villaloha.com\/index.php\/wp-json\/wp\/v2\/media\/270"}],"wp:attachment":[{"href":"https:\/\/villaloha.com\/index.php\/wp-json\/wp\/v2\/media?parent=17"}],"curies":[{"name":"wp","href":"https:\/\/api.w.org\/{rel}","templated":true}]}}