{"id":14,"date":"2024-08-12T12:31:38","date_gmt":"2024-08-12T10:31:38","guid":{"rendered":"http:\/\/villaloha.com\/?page_id=14"},"modified":"2025-11-08T09:32:56","modified_gmt":"2025-11-08T08:32:56","slug":"accueil","status":"publish","type":"page","link":"https:\/\/villaloha.com\/","title":{"rendered":"Bienvenue\/Welcome"},"content":{"rendered":"\n<p>Situ\u00e9e au centre de la plage de Bray-dunes, la Villa ALOHA vous propose des locations saisonni\u00e8res \u00e0 la semaine face \u00e0 la mer.<\/p>\n\n\n\n<p>Au choix, 2 villas et 3 appartements.<\/p>\n\n\n\n<p>Pour toute demande d\u2019informations et de r\u00e9servations, veuillez nous contacter au 0033(0)611423805 ou par mail \u00e0 <a href=\"mailto:alohabar59@gmail.com\">alohabar59@gmail.com<\/a><\/p>\n\n\n\n<p>Located in the center of the beach of Bray-dunes, the Villa ALOHA offers seasonal rentals for a week facing the sea.<\/p>\n\n\n\n<p>At choice, 2 houses and 3 apartments.<\/p>\n\n\n\n<p>For information and reservations, please contact us at 0033(0)611423805 or by mail to <a href=\"mailto:alohabar59@gmail.com\">alohabar59@gmail.com<\/a><\/p>\n\n\n\n<figure class=\"wp-block-gallery has-nested-images columns-default is-cropped wp-block-gallery-1 is-layout-flex wp-block-gallery-is-layout-flex\"><\/figure>\n","protected":false},"excerpt":{"rendered":"<p>Situ\u00e9e au centre de la plage de Bray-dunes, la Villa ALOHA vous propose des locations saisonni\u00e8res \u00e0 la semaine face \u00e0 la mer. Au choix, 2 villas et 3 appartements. Pour toute demande d\u2019informations et de r\u00e9servations, veuillez nous contacter au 0033(0)611423805 ou par mail \u00e0 alohabar59@gmail.com Located in the center of the beach of &hellip; <\/p>\n<p class=\"link-more\"><a href=\"https:\/\/villaloha.com\/\" class=\"more-link\">Continue reading<span class=\"screen-reader-text\"> &#8220;Bienvenue\/Welcome&#8221;<\/span><\/a><\/p>\n","protected":false},"author":1,"featured_media":175,"parent":0,"menu_order":0,"comment_status":"closed","ping_status":"closed","template":"","meta":{"footnotes":""},"class_list":["post-14","page","type-page","status-publish","has-post-thumbnail","hentry"],"_links":{"self":[{"href":"https:\/\/villaloha.com\/index.php\/wp-json\/wp\/v2\/pages\/14","targetHints":{"allow":["GET"]}}],"collection":[{"href":"https:\/\/villaloha.com\/index.php\/wp-json\/wp\/v2\/pages"}],"about":[{"href":"https:\/\/villaloha.com\/index.php\/wp-json\/wp\/v2\/types\/page"}],"author":[{"embeddable":true,"href":"https:\/\/villaloha.com\/index.php\/wp-json\/wp\/v2\/users\/1"}],"replies":[{"embeddable":true,"href":"https:\/\/villaloha.com\/index.php\/wp-json\/wp\/v2\/comments?post=14"}],"version-history":[{"count":18,"href":"https:\/\/villaloha.com\/index.php\/wp-json\/wp\/v2\/pages\/14\/revisions"}],"predecessor-version":[{"id":366,"href":"https:\/\/villaloha.com\/index.php\/wp-json\/wp\/v2\/pages\/14\/revisions\/366"}],"wp:featuredmedia":[{"embeddable":true,"href":"https:\/\/villaloha.com\/index.php\/wp-json\/wp\/v2\/media\/175"}],"wp:attachment":[{"href":"https:\/\/villaloha.com\/index.php\/wp-json\/wp\/v2\/media?parent=14"}],"curies":[{"name":"wp","href":"https:\/\/api.w.org\/{rel}","templated":true}]}}